{"id":9774,"date":"2023-05-04T11:46:11","date_gmt":"2023-05-04T09:46:11","guid":{"rendered":"https:\/\/champagne-dumangin.fr\/remboursements_retours\/"},"modified":"2023-05-04T11:46:11","modified_gmt":"2023-05-04T09:46:11","slug":"remboursements_retours","status":"publish","type":"page","link":"https:\/\/champagne-dumangin.fr\/en\/remboursements_retours\/","title":{"rendered":"Politique en mati\u00e8re de remboursements et de retours"},"content":{"rendered":"<p><\/p>\r\n<section class=\"elementor-section elementor-top-section elementor-element elementor-element-c3b393d elementor-section-boxed elementor-section-height-default elementor-section-height-default\" data-id=\"c3b393d\" data-element_type=\"section\" data-settings=\"{&quot;jet_parallax_layout_list&quot;:[],&quot;background_background&quot;:&quot;classic&quot;}\">\r\n<div class=\"elementor-container elementor-column-gap-no\">\r\n<div class=\"elementor-column elementor-col-100 elementor-top-column elementor-element elementor-element-c86d7e8\" data-id=\"c86d7e8\" data-element_type=\"column\">\r\n<div class=\"elementor-widget-wrap elementor-element-populated\">\r\n<div class=\"elementor-element elementor-element-fefa59e elementor-widget elementor-widget-heading\" data-id=\"fefa59e\" data-element_type=\"widget\" data-widget_type=\"heading.default\">\r\n<div class=\"elementor-widget-container\">\r\n<h1 class=\"elementor-heading-title elementor-size-default\">Remboursements et retours<\/h1>\r\n<\/div>\r\n<\/div>\r\n<\/div>\r\n<\/div>\r\n<\/div>\r\n<\/section>\r\n<section class=\"elementor-section elementor-top-section elementor-element elementor-element-3f984fae elementor-section-boxed elementor-section-height-default elementor-section-height-default\" data-id=\"3f984fae\" data-element_type=\"section\" data-settings=\"{&quot;jet_parallax_layout_list&quot;:[],&quot;background_background&quot;:&quot;classic&quot;}\">\r\n<div class=\"elementor-container elementor-column-gap-default\">\r\n<div class=\"elementor-column elementor-col-100 elementor-top-column elementor-element elementor-element-74426956\" data-id=\"74426956\" data-element_type=\"column\">\r\n<div class=\"elementor-widget-wrap elementor-element-populated\">\r\n<div class=\"elementor-element elementor-element-3becee6e elementor-widget elementor-widget-text-editor\" data-id=\"3becee6e\" data-element_type=\"widget\" data-widget_type=\"text-editor.default\">\r\n<div class=\"elementor-widget-container\">\r\n<p>Vous avez chang\u00e9 d\u2019avis apr\u00e8s r\u00e9ception de votre commande, les articles ne vous plaisent pas ou contiennent des d\u00e9fauts? Vous avez la possibilit\u00e9 de retourner une partie ou la totalit\u00e9 de votre commande dans un d\u00e9lai de 14 jours.<\/p>\r\n<p>Contactez-nous par t\u00e9l\u00e9phone au 03 26 03 46 34 afin d\u2019annuler la commande <em>(ou par mail \u00e0 info@champagne-dumangin.fr<\/em>).\u00a0 Si avez d\u00e9j\u00e0 \u00e9t\u00e9 livr\u00e9 de votre commande, vous devez, sans retard excessif et au plus tard sous 8 jours, nous renvoyer\u00a0 \u00e0 vos frais par la Poste, \u00e0 l\u2019adresse suivante : Champagne J. Dumangin Fils &#8211; 3 rue de Rilly &#8211; 51500 Chigny Les Roses -France,\u00a0 les produits que vous ne souhaitez pas conserver.<\/p>\r\n<h2>Conditions de retour<\/h2>\r\n<ul>\r\n<li>Ecrire sur la facture ou une copie de la facture que vous souhaitez \u00eatre rembours\u00e9<\/li>\r\n<li>La r\u00e9ception de votre article date de moins de 14 jours<\/li>\r\n<li>Les articles retourn\u00e9s doivent \u00eatre en parfait \u00e9tat et ne pas avoir subi de d\u00e9t\u00e9rioration<\/li>\r\n<li>Le colis de retour contient la facture ou une copie de votre commande afin que nous puissions retrouver les r\u00e9f\u00e9rences de l\u2019article.<\/li>\r\n<\/ul>\r\n<p>Les frais de port pour un retour sont \u00e0 la charge du client. Ils correspondent aux tarifs colissimo de La Poste en vigueur au moment du retour. En cas d\u2019erreur de notre part ou d\u00e9fauts sur les articles les frais de port et retour des articles seront \u00e0 la charge de Champagne Dumangin J. Fils.<\/p>\r\n<ul>\r\n<li><strong>Retour en colissimo \/ La Poste<\/strong><\/li>\r\n<\/ul>\r\n<p>Le retour d\u2019un ou plusieurs articles doit \u00eatre effectu\u00e9 \u00e0 l\u2019adresse suivante :<br \/>Champagne J. Dumangin Fils <br \/>3 rue de Rilly<br \/>51500 Chigny Les Roses &#8211; France<\/p>\r\n<p>Mail: info@champagne-dumangin.fr<\/p>\r\n<h2>Echange<\/h2>\r\n<p>Si vous souhaitez effectuer un \u00e9change vous pouvez nous contacter par mail afin de voir ensemble quel(s) article(s) sont concern\u00e9s et se mettre d\u2019accord pour un \u00e9ventuel compl\u00e9ment tarifaire qui peut s\u2019effectuer par virement ou ch\u00e8que.<\/p>\r\n<h2>Remboursement<\/h2>\r\n<p>Votre remboursement interviendra dans les 8 jours \u00e0 compter de la date de r\u00e9ception des articles. N\u00e9anmoins , si les conditions de retours sont respect\u00e9es, le d\u00e9lai g\u00e9n\u00e9ralement constat\u00e9 pour un remboursement par cr\u00e9dit sur le compte bancaire du client correspondant \u00e0 la carte utilis\u00e9e au moment du paiement est de 10 jours.<\/p>\r\n<p>Dans le cas o\u00f9 vous retournez la totalit\u00e9 des articles command\u00e9s, les frais de port associ\u00e9s \u00e0 votre commande vous seront rembours\u00e9s seulement si les articles pr\u00e9sentent un d\u00e9faut ou si une erreur de notre part est survenue. Pour tout autre cas, les frais de port associ\u00e9s \u00e0 votre commande restent \u00e0 votre charge<\/p>\r\n<p>Dans le cas o\u00f9 les conditions de retour ne seraient pas respect\u00e9s, nous vous contacterons rapidement afin de trouver une solution.<\/p>\r\n<h2>Besoin d\u2019aide ?<\/h2>\r\n<p>Contactez-nous au 03 26 03 46 34 ou par mail \u00e0 info@champagne-dumangin.fr pour toutes vos questions relatives aux remboursements et retours.<\/p>\r\n<\/div>\r\n<\/div>\r\n<\/div>\r\n<\/div>\r\n<\/div>\r\n<\/section>\r\n<p><\/p>","protected":false},"excerpt":{"rendered":"<p>Remboursements et retours Vous avez chang\u00e9 d\u2019avis apr\u00e8s r\u00e9ception de votre commande, les articles ne vous plaisent pas ou contiennent des d\u00e9fauts? Vous avez la possibilit\u00e9 de retourner une partie ou la totalit\u00e9 de votre commande dans un d\u00e9lai de 14 jours. Contactez-nous par t\u00e9l\u00e9phone au 03 26 03 46 34 afin d\u2019annuler la commande [&hellip;]<\/p>\n","protected":false},"author":1,"featured_media":0,"parent":0,"menu_order":0,"comment_status":"closed","ping_status":"closed","template":"","meta":{"_acf_changed":false,"inline_featured_image":false,"footnotes":""},"class_list":["post-9774","page","type-page","status-publish","hentry"],"acf":[],"yoast_head":"<!-- This site is optimized with the Yoast SEO plugin v23.9 - https:\/\/yoast.com\/wordpress\/plugins\/seo\/ -->\n<title>Politique en mati\u00e8re de remboursements et de retours - Champagne Dumangin J. Fils<\/title>\n<meta name=\"robots\" content=\"index, follow, max-snippet:-1, max-image-preview:large, max-video-preview:-1\" \/>\n<link rel=\"canonical\" href=\"https:\/\/champagne-dumangin.fr\/en\/remboursements_retours\/\" \/>\n<meta property=\"og:locale\" content=\"en_US\" \/>\n<meta property=\"og:type\" content=\"article\" \/>\n<meta property=\"og:title\" content=\"Politique en mati\u00e8re de remboursements et de retours - Champagne Dumangin J. Fils\" \/>\n<meta property=\"og:description\" content=\"Remboursements et retours Vous avez chang\u00e9 d\u2019avis apr\u00e8s r\u00e9ception de votre commande, les articles ne vous plaisent pas ou contiennent des d\u00e9fauts? Vous avez la possibilit\u00e9 de retourner une partie ou la totalit\u00e9 de votre commande dans un d\u00e9lai de 14 jours. Contactez-nous par t\u00e9l\u00e9phone au 03 26 03 46 34 afin d\u2019annuler la commande [&hellip;]\" \/>\n<meta property=\"og:url\" content=\"https:\/\/champagne-dumangin.fr\/en\/remboursements_retours\/\" \/>\n<meta property=\"og:site_name\" content=\"Champagne Dumangin J. Fils\" \/>\n<meta name=\"twitter:card\" content=\"summary_large_image\" \/>\n<meta name=\"twitter:label1\" content=\"Est. reading time\" \/>\n\t<meta name=\"twitter:data1\" content=\"2 minutes\" \/>\n<script type=\"application\/ld+json\" class=\"yoast-schema-graph\">{\"@context\":\"https:\/\/schema.org\",\"@graph\":[{\"@type\":\"WebPage\",\"@id\":\"https:\/\/champagne-dumangin.fr\/en\/remboursements_retours\/\",\"url\":\"https:\/\/champagne-dumangin.fr\/en\/remboursements_retours\/\",\"name\":\"Politique en mati\u00e8re de remboursements et de retours - Champagne Dumangin J. Fils\",\"isPartOf\":{\"@id\":\"https:\/\/champagne-dumangin.fr\/#website\"},\"datePublished\":\"2023-05-04T09:46:11+00:00\",\"dateModified\":\"2023-05-04T09:46:11+00:00\",\"breadcrumb\":{\"@id\":\"https:\/\/champagne-dumangin.fr\/en\/remboursements_retours\/#breadcrumb\"},\"inLanguage\":\"en-US\",\"potentialAction\":[{\"@type\":\"ReadAction\",\"target\":[\"https:\/\/champagne-dumangin.fr\/en\/remboursements_retours\/\"]}]},{\"@type\":\"BreadcrumbList\",\"@id\":\"https:\/\/champagne-dumangin.fr\/en\/remboursements_retours\/#breadcrumb\",\"itemListElement\":[{\"@type\":\"ListItem\",\"position\":1,\"name\":\"Home\",\"item\":\"https:\/\/champagne-dumangin.fr\/en\/\"},{\"@type\":\"ListItem\",\"position\":2,\"name\":\"Politique en mati\u00e8re de remboursements et de retours\"}]},{\"@type\":\"WebSite\",\"@id\":\"https:\/\/champagne-dumangin.fr\/#website\",\"url\":\"https:\/\/champagne-dumangin.fr\/\",\"name\":\"Champagne Dumangin J. Fils\",\"description\":\"Alchimiste en Champagne\",\"potentialAction\":[{\"@type\":\"SearchAction\",\"target\":{\"@type\":\"EntryPoint\",\"urlTemplate\":\"https:\/\/champagne-dumangin.fr\/?s={search_term_string}\"},\"query-input\":{\"@type\":\"PropertyValueSpecification\",\"valueRequired\":true,\"valueName\":\"search_term_string\"}}],\"inLanguage\":\"en-US\"}]}<\/script>\n<!-- \/ Yoast SEO plugin. -->","yoast_head_json":{"title":"Politique en mati\u00e8re de remboursements et de retours - Champagne Dumangin J. Fils","robots":{"index":"index","follow":"follow","max-snippet":"max-snippet:-1","max-image-preview":"max-image-preview:large","max-video-preview":"max-video-preview:-1"},"canonical":"https:\/\/champagne-dumangin.fr\/en\/remboursements_retours\/","og_locale":"en_US","og_type":"article","og_title":"Politique en mati\u00e8re de remboursements et de retours - Champagne Dumangin J. Fils","og_description":"Remboursements et retours Vous avez chang\u00e9 d\u2019avis apr\u00e8s r\u00e9ception de votre commande, les articles ne vous plaisent pas ou contiennent des d\u00e9fauts? Vous avez la possibilit\u00e9 de retourner une partie ou la totalit\u00e9 de votre commande dans un d\u00e9lai de 14 jours. Contactez-nous par t\u00e9l\u00e9phone au 03 26 03 46 34 afin d\u2019annuler la commande [&hellip;]","og_url":"https:\/\/champagne-dumangin.fr\/en\/remboursements_retours\/","og_site_name":"Champagne Dumangin J. Fils","twitter_card":"summary_large_image","twitter_misc":{"Est. reading time":"2 minutes"},"schema":{"@context":"https:\/\/schema.org","@graph":[{"@type":"WebPage","@id":"https:\/\/champagne-dumangin.fr\/en\/remboursements_retours\/","url":"https:\/\/champagne-dumangin.fr\/en\/remboursements_retours\/","name":"Politique en mati\u00e8re de remboursements et de retours - Champagne Dumangin J. Fils","isPartOf":{"@id":"https:\/\/champagne-dumangin.fr\/#website"},"datePublished":"2023-05-04T09:46:11+00:00","dateModified":"2023-05-04T09:46:11+00:00","breadcrumb":{"@id":"https:\/\/champagne-dumangin.fr\/en\/remboursements_retours\/#breadcrumb"},"inLanguage":"en-US","potentialAction":[{"@type":"ReadAction","target":["https:\/\/champagne-dumangin.fr\/en\/remboursements_retours\/"]}]},{"@type":"BreadcrumbList","@id":"https:\/\/champagne-dumangin.fr\/en\/remboursements_retours\/#breadcrumb","itemListElement":[{"@type":"ListItem","position":1,"name":"Home","item":"https:\/\/champagne-dumangin.fr\/en\/"},{"@type":"ListItem","position":2,"name":"Politique en mati\u00e8re de remboursements et de retours"}]},{"@type":"WebSite","@id":"https:\/\/champagne-dumangin.fr\/#website","url":"https:\/\/champagne-dumangin.fr\/","name":"Champagne Dumangin J. Fils","description":"Alchimiste en Champagne","potentialAction":[{"@type":"SearchAction","target":{"@type":"EntryPoint","urlTemplate":"https:\/\/champagne-dumangin.fr\/?s={search_term_string}"},"query-input":{"@type":"PropertyValueSpecification","valueRequired":true,"valueName":"search_term_string"}}],"inLanguage":"en-US"}]}},"_links":{"self":[{"href":"https:\/\/champagne-dumangin.fr\/en\/wp-json\/wp\/v2\/pages\/9774"}],"collection":[{"href":"https:\/\/champagne-dumangin.fr\/en\/wp-json\/wp\/v2\/pages"}],"about":[{"href":"https:\/\/champagne-dumangin.fr\/en\/wp-json\/wp\/v2\/types\/page"}],"author":[{"embeddable":true,"href":"https:\/\/champagne-dumangin.fr\/en\/wp-json\/wp\/v2\/users\/1"}],"replies":[{"embeddable":true,"href":"https:\/\/champagne-dumangin.fr\/en\/wp-json\/wp\/v2\/comments?post=9774"}],"version-history":[{"count":0,"href":"https:\/\/champagne-dumangin.fr\/en\/wp-json\/wp\/v2\/pages\/9774\/revisions"}],"wp:attachment":[{"href":"https:\/\/champagne-dumangin.fr\/en\/wp-json\/wp\/v2\/media?parent=9774"}],"curies":[{"name":"wp","href":"https:\/\/api.w.org\/{rel}","templated":true}]}}